{"id":1300,"date":"2024-10-30T11:21:47","date_gmt":"2024-10-30T18:21:47","guid":{"rendered":"https:\/\/shayneletford.com\/test-go-unlimited\/?page_id=1300"},"modified":"2025-02-23T23:15:05","modified_gmt":"2025-02-24T07:15:05","slug":"sign-in","status":"publish","type":"page","link":"https:\/\/www.gounlimited.org\/es\/sign-in\/","title":{"rendered":"User Login"},"content":{"rendered":"<div class=\"wpb-content-wrapper\"><section data-vc-full-width=\"true\" data-vc-full-width-temp=\"true\" data-vc-full-width-init=\"false\" class=\"vc_section registration-page-wrapper vc_custom_1730256897696 vc_section-has-fill vc_row-o-full-height\"><div class=\"vc_row wpb_row vc_row-fluid header-section\"><div class=\"wpb_column vc_column_container vc_col-sm-6\"><div class=\"vc_column-inner\"><div class=\"wpb_wrapper\">\n\t<div  class=\"wpb_single_image wpb_content_element vc_align_left wpb_content_element  logo\">\n\t\t\n\t\t<figure class=\"wpb_wrapper vc_figure\">\n\t\t\t<a href=\"https:\/\/www.gounlimited.org\/es\/\" target=\"_self\" class=\"vc_single_image-wrapper   vc_box_border_grey\"><img decoding=\"async\" width=\"111\" height=\"75\" src=\"https:\/\/www.gounlimited.org\/wp-content\/uploads\/header-logo.svg\" class=\"vc_single_image-img attachment-full\" alt=\"\" title=\"header-logo\" \/><\/a>\n\t\t<\/figure>\n\t<\/div>\n<\/div><\/div><\/div><div class=\"wpb_column vc_column_container vc_col-sm-6\"><div class=\"vc_column-inner\"><div class=\"wpb_wrapper\">\n\t<div class=\"wpb_text_column wpb_content_element login\" >\n\t\t<div class=\"wpb_wrapper\">\n\t\t\t<p><a href=\"https:\/\/www.gounlimited.org\/es\/sign-in\/\">Sign In<\/a><\/p>\n\n\t\t<\/div>\n\t<\/div>\n<\/div><\/div><\/div><\/div><div class=\"vc_row wpb_row vc_row-fluid registration-form-wrapper\"><div class=\"tagline wpb_column vc_column_container vc_col-sm-6 vc_col-lg-6 vc_col-md-12 vc_col-xs-12\"><div class=\"vc_column-inner\"><div class=\"wpb_wrapper\">\n\t<div class=\"wpb_text_column wpb_content_element section-subtitle-alt white\" >\n\t\t<div class=\"wpb_wrapper\">\n\t\t\t<p><span class=\"wrap\">Adapt<\/span> <span class=\"wrap\">Overcome<\/span> <span class=\"wrap\">Succeed<\/span><\/p>\n\n\t\t<\/div>\n\t<\/div>\n<\/div><\/div><\/div><div class=\"registration-form wpb_column vc_column_container vc_col-sm-6 vc_col-lg-6 vc_col-md-12 vc_col-xs-12\"><div class=\"vc_column-inner\"><div class=\"wpb_wrapper\">\n\t<div class=\"wpb_text_column wpb_content_element title\" >\n\t\t<div class=\"wpb_wrapper\">\n\t\t\t<p>Sign In<\/p>\n\n\t\t<\/div>\n\t<\/div>\n<div class=\"gu-login-form\"><form name=\"loginform\" id=\"loginform\" action=\"https:\/\/www.gounlimited.org\/wp-login.php\" method=\"post\"><p class=\"login-username\">\n\t\t\t\t<label for=\"user_login\">Nombre de usuario o correo electr\u00f3nico<\/label>\n\t\t\t\t<input type=\"text\" name=\"log\" id=\"user_login\" autocomplete=\"username\" class=\"input\" value=\"\" size=\"20\" \/>\n\t\t\t<\/p><p class=\"login-password\">\n\t\t\t\t<label for=\"user_pass\">Contrase\u00f1a<\/label>\n\t\t\t\t<input type=\"password\" name=\"pwd\" id=\"user_pass\" autocomplete=\"current-password\" spellcheck=\"false\" class=\"input\" value=\"\" size=\"20\" \/>\n\t\t\t<\/p><p class=\"login-remember\"><label><input name=\"rememberme\" type=\"checkbox\" id=\"rememberme\" value=\"forever\" \/> Recu\u00e9rdame<\/label><\/p><p class=\"login-submit\">\n\t\t\t\t<input type=\"submit\" name=\"wp-submit\" id=\"wp-submit\" class=\"button button-primary\" value=\"Acceder\" \/>\n\t\t\t\t<input type=\"hidden\" name=\"redirect_to\" value=\"https:\/\/www.gounlimited.org\/es\/community-exchange\" \/>\n\t\t\t<\/p><\/form><\/div>\n\t<div class=\"wpb_text_column wpb_content_element\" >\n\t\t<div class=\"wpb_wrapper\">\n\t\t\t\n\n\t\t<\/div>\n\t<\/div>\n\n\t<div class=\"wpb_text_column wpb_content_element registration-footer\" >\n\t\t<div class=\"wpb_wrapper\">\n\t\t\t<div class=\"top-section\">New here? <a href=\"https:\/\/www.gounlimited.org\/es\/user-registration\/\">Create a Go Unlimited account<\/a>.<\/div>\n<div class=\"bottom-section\">By continuing, you confirm you are 18 or over and agree to our <a href=\"https:\/\/www.gounlimited.org\/es\/privacy-policy\/\" target=\"_blank\" rel=\"noopener\">pol\u00edtica de privacidad<\/a>.<\/div>\n\n\t\t<\/div>\n\t<\/div>\n<\/div><\/div><\/div><\/div><\/section><div class=\"vc_row-full-width vc_clearfix\"><\/div>\n<\/div>","protected":false},"excerpt":{"rendered":"Sign In Adapt Overcome Succeed Sign In Nombre de usuario o correo electr\u00f3nico Contrase\u00f1a Recu\u00e9rdame New here? Create a Go Unlimited account. By continuing, you confirm you are 18 or [...]","protected":false},"author":5,"featured_media":0,"parent":0,"menu_order":0,"comment_status":"closed","ping_status":"closed","template":"","meta":{"_acf_changed":false,"footnotes":""},"class_list":["post-1300","page","type-page","status-publish","hentry"],"acf":[],"_links":{"self":[{"href":"https:\/\/www.gounlimited.org\/es\/wp-json\/wp\/v2\/pages\/1300","targetHints":{"allow":["GET"]}}],"collection":[{"href":"https:\/\/www.gounlimited.org\/es\/wp-json\/wp\/v2\/pages"}],"about":[{"href":"https:\/\/www.gounlimited.org\/es\/wp-json\/wp\/v2\/types\/page"}],"author":[{"embeddable":true,"href":"https:\/\/www.gounlimited.org\/es\/wp-json\/wp\/v2\/users\/5"}],"replies":[{"embeddable":true,"href":"https:\/\/www.gounlimited.org\/es\/wp-json\/wp\/v2\/comments?post=1300"}],"version-history":[{"count":7,"href":"https:\/\/www.gounlimited.org\/es\/wp-json\/wp\/v2\/pages\/1300\/revisions"}],"predecessor-version":[{"id":1717,"href":"https:\/\/www.gounlimited.org\/es\/wp-json\/wp\/v2\/pages\/1300\/revisions\/1717"}],"wp:attachment":[{"href":"https:\/\/www.gounlimited.org\/es\/wp-json\/wp\/v2\/media?parent=1300"}],"curies":[{"name":"wp","href":"https:\/\/api.w.org\/{rel}","templated":true}]}}